
    {"id":3546,"date":"2017-05-30T09:42:19","date_gmt":"2017-05-30T09:42:19","guid":{"rendered":"https:\/\/www.macsis.unimib.it\/?page_id=3546"},"modified":"2018-07-16T10:51:23","modified_gmt":"2018-07-16T10:51:23","slug":"espanol","status":"publish","type":"page","link":"https:\/\/www.macsis.unimib.it\/espanol\/","title":{"rendered":"Espa\u00f1ol"},"content":{"rendered":"<h3 style=\"text-align: justify\"><strong>Master<\/strong><\/h3>\n<p style=\"text-align: justify\">El Master tiene una duraci\u00f3n de un a\u00f1o y est\u00e1 estructurado en m\u00e1s de<strong> 400 horas<\/strong> de clases, pr\u00e1cticas y laboratorios de inform\u00e1tica y multimedia. Los estudiantes desarrollan y realizan periodicamente jornadas tem\u00e1ticas p\u00fablicas con la colaboraci\u00f3n de los docentes y de los <em>media partner<\/em> y con la participaci\u00f3n de otros invitados (Ver documentos y videos en las p\u00e1ginas de <a href=\"\/eventi\/\">las Jornadas Tem\u00e1ticas<\/a>).<\/p>\n<p style=\"text-align: justify\">El plan de estudio se concluye con una <strong>pr<\/strong><strong>\u00e1<\/strong><strong>ctica<\/strong> en empresas, entidades e instituciones <a title=\"Partner\" href=\"https:\/\/www.macsis.unimib.it\/?page_id=1159\">partner<\/a> del Master en Italia y en el exterior y con un examen final, que permite el conseguimiento de <strong>60 cr\u00e9ditos formativos<\/strong>.<\/p>\n<p style=\"text-align: justify\">El Master se propone de formar comunicadores capaces de interpretar las distintas necesidades y de favorecer la comunicaci\u00f3n entre los diferentes actores de la innovaci\u00f3n, contribuyendo a difundir la cultura cient\u00edfica, de la innovaci\u00f3n y de la sostenibilidad, y a desarrollar una innovaci\u00f3n socialmente sostenible y la promoci\u00f3n de una nueva ciudadan\u00eda en la sociedad de la conocencia.<\/p>\n<h3 style=\"text-align: justify\"><strong>El Centro MaCSIS<\/strong><\/h3>\n<p style=\"text-align: justify\">El Centro de Investigaci\u00f3n interuniversitarios MaCSIS, en colaboraci\u00f3n con la Universidad de Pav\u00eda, se propone la promoci\u00f3n de la comunicaci\u00f3n de la ciencia en la sociedad de la conocencia y la experimentaci\u00f3n de la misma en el marco de la tercera misi\u00f3n de la universidad. El Centro fomenta la cooperaci\u00f3n y el intercambio cient\u00edfico entre estudiosos y expertos italianos e internacionales.<\/p>\n<p style=\"text-align: justify\">Las principales \u00e1reas del Centro son:<\/p>\n<p style=\"text-align: justify\">a) la comunicaci\u00f3n cient\u00edfica y la tercera misi\u00f3n de la universidad<\/p>\n<p style=\"text-align: justify\">b) sociolog\u00eda e historia de la ciencia y de la innovaci\u00f3n<\/p>\n<p style=\"text-align: justify\">c) las relaciones entre cultura, arte y ciencia<\/p>\n<p style=\"text-align: justify\">d) \u201cciencia y sociedad\u201d en su conjunto<\/p>\n<p style=\"text-align: justify\">El Centro colabora con instituciones p\u00fablicas y privadas que tienen actividades similares en las mismas \u00e1reas de inter\u00e9s. Adem\u00e1s, organiza seminarios, encuentros internacionales y otras actividades relacionadas con la tercera misi\u00f3n de la universidad, iniciativas interdisciplinarias e internacionales de investigaci\u00f3n, jornadas de estudio y de debate, tambi\u00e9n por la comunicaci\u00f3n publica, e iniciativas editoriales.<\/p>\n","protected":false},"excerpt":{"rendered":"<p>Master El Master tiene una duraci\u00f3n de un a\u00f1o y est\u00e1 estructurado en m\u00e1s de 400 horas de clases, pr\u00e1cticas [&hellip;]<\/p>\n","protected":false},"author":8,"featured_media":0,"parent":0,"menu_order":0,"comment_status":"closed","ping_status":"closed","template":"","meta":{"_acf_changed":false,"_eb_attr":"","_themeisle_gutenberg_block_has_review":false,"_ti_tpc_template_sync":false,"_ti_tpc_template_id":"","footnotes":""},"class_list":["post-3546","page","type-page","status-publish","hentry"],"acf":[],"_links":{"self":[{"href":"https:\/\/www.macsis.unimib.it\/wp-json\/wp\/v2\/pages\/3546","targetHints":{"allow":["GET"]}}],"collection":[{"href":"https:\/\/www.macsis.unimib.it\/wp-json\/wp\/v2\/pages"}],"about":[{"href":"https:\/\/www.macsis.unimib.it\/wp-json\/wp\/v2\/types\/page"}],"author":[{"embeddable":true,"href":"https:\/\/www.macsis.unimib.it\/wp-json\/wp\/v2\/users\/8"}],"replies":[{"embeddable":true,"href":"https:\/\/www.macsis.unimib.it\/wp-json\/wp\/v2\/comments?post=3546"}],"version-history":[{"count":0,"href":"https:\/\/www.macsis.unimib.it\/wp-json\/wp\/v2\/pages\/3546\/revisions"}],"wp:attachment":[{"href":"https:\/\/www.macsis.unimib.it\/wp-json\/wp\/v2\/media?parent=3546"}],"curies":[{"name":"wp","href":"https:\/\/api.w.org\/{rel}","templated":true}]}}