
    {"id":3591,"date":"2017-06-05T10:44:51","date_gmt":"2017-06-05T10:44:51","guid":{"rendered":"https:\/\/www.macsis.unimib.it\/?page_id=3591"},"modified":"2022-06-22T15:43:15","modified_gmt":"2022-06-22T15:43:15","slug":"didattica","status":"publish","type":"page","link":"https:\/\/www.macsis.unimib.it\/didattica\/","title":{"rendered":"Didattica"},"content":{"rendered":"<p><img loading=\"lazy\" decoding=\"async\" class=\" wp-image-3781 aligncenter\" src=\"https:\/\/www.macsis.unimib.it\/wp-content\/uploads\/sites\/105\/2017\/06\/Didattica-300x204.png\" alt=\"\" width=\"562\" height=\"382\" srcset=\"https:\/\/www.macsis.unimib.it\/wp-content\/uploads\/sites\/105\/2017\/06\/Didattica-300x204.png 300w, https:\/\/www.macsis.unimib.it\/wp-content\/uploads\/sites\/105\/2017\/06\/Didattica-768x521.png 768w, https:\/\/www.macsis.unimib.it\/wp-content\/uploads\/sites\/105\/2017\/06\/Didattica-1024x695.png 1024w, https:\/\/www.macsis.unimib.it\/wp-content\/uploads\/sites\/105\/2017\/06\/Didattica.png 1503w\" sizes=\"auto, (max-width: 562px) 100vw, 562px\" \/><\/p>\n<p style=\"text-align: justify\">La didattica si svolge tutti i venerd\u00ec, sabato mattina e un gioved\u00ec al mese, secondo il normale calendario di un anno accademico ed \u00e8 articolata come segue.<\/p>\n<p style=\"text-align: justify\">Le <strong>lezioni<\/strong> affrontano principalmente i seguenti argomenti: sociologia della scienza e dell\u2019innovazione; comunicazione del rischio; comunicazione scientifica e nuovi media; comunicazione della sostenibilit\u00e0; metodologia della ricerca sociale; progettazione di eventi e festival scientifici; innovazione, tempo e societ\u00e0; arte e scienza; antropologia e territorio; web, social media e medicina.<\/p>\n<p style=\"text-align: justify\"><strong>Esercitazioni e laboratori<\/strong> riguardano attivit\u00e0 nel campo di: giornalismo scientifico; tecniche della narrazione; web journalism; comunicazione scientifica televisiva; comunicazione scientifica radiofonica; tecniche audio\/video; infografica e strumenti del web.<\/p>\n<p style=\"text-align: justify\">Altre <strong>lezioni ed esercitazioni<\/strong>, inoltre, concernono: i pubblici della comunicazione; comunicazione di istituzioni e imprese; organizzazione di eventi; musei scientifici, osservatori e bioparchi; science centres.<\/p>\n<p style=\"text-align: justify\">Una <strong>panoramica<\/strong> sulle prospettive della ricerca in settori tecnico-scientifici fornisce gli elementi per delineare le principali tendenze dell\u2019innovazione tecnologica: scienze e tecnologie ambientali; nuovi materiali; nanotecnologie; nuove Ict; biotecnologie; evoluzione e scienze della vita.<\/p>\n<p style=\"text-align: justify\">Altre <strong>attivit\u00e0<\/strong> sono progettate e realizzate dagli studenti, in collaborazione con i loro docenti e lo staff del Centro Interuniversitario MaCSIS per la comunicazione scientifica e Terza Missione, fra le quali: <span style=\"text-decoration: underline\"><a href=\"https:\/\/www.macsis.unimib.it\/eventi\/\">convegni aperti al pubblico<\/a><\/span> e prodotti multimediali pubblicati su web (<span style=\"text-decoration: underline\"><a href=\"http:\/\/www.colpodiscienza.it\/\">Colpodiscienza<\/a><\/span>,<span style=\"text-decoration: underline\"><a href=\"https:\/\/www.youtube.com\/user\/Macsis00\">Youtube<\/a><\/span>, <span style=\"text-decoration: underline\"><a href=\"http:\/\/www.scienzainrete.it\/\">Scienzainrete<\/a><\/span>, <span style=\"text-decoration: underline\"><a href=\"http:\/\/www.triwu.it\/\">Triwu<\/a><\/span>, <span style=\"text-decoration: underline\"><a href=\"http:\/\/moebius.blogradio24.ilsole24ore.com\/\">Moebius \u2013 Radio24<\/a><\/span>, ecc.).<\/p>\n<p style=\"text-align: justify\">Uno <strong>stage<\/strong> di 350 ore presso uno dei <span style=\"text-decoration: underline\"><a href=\"https:\/\/www.macsis.unimib.it\/partner\/\"><strong>partner<\/strong><\/a><\/span> del Master.<\/p>\n<p style=\"text-align: justify\">Il superamento degli esami sugli insegnamenti impartiti e di una prova finale consente l\u2019ottenimento di 63 crediti formativi.<\/p>\n<p>&nbsp;<\/p>\n<p><img loading=\"lazy\" decoding=\"async\" class=\" wp-image-3832 aligncenter\" src=\"https:\/\/www.macsis.unimib.it\/wp-content\/uploads\/sites\/105\/2017\/06\/convegnimacsis-300x85.png\" alt=\"\" width=\"735\" height=\"208\" srcset=\"https:\/\/www.macsis.unimib.it\/wp-content\/uploads\/sites\/105\/2017\/06\/convegnimacsis-300x85.png 300w, https:\/\/www.macsis.unimib.it\/wp-content\/uploads\/sites\/105\/2017\/06\/convegnimacsis-768x216.png 768w, https:\/\/www.macsis.unimib.it\/wp-content\/uploads\/sites\/105\/2017\/06\/convegnimacsis-1024x289.png 1024w, https:\/\/www.macsis.unimib.it\/wp-content\/uploads\/sites\/105\/2017\/06\/convegnimacsis.png 1551w\" sizes=\"auto, (max-width: 735px) 100vw, 735px\" \/><\/p>\n","protected":false},"excerpt":{"rendered":"<p>La didattica si svolge tutti i venerd\u00ec, sabato mattina e un gioved\u00ec al mese, secondo il normale calendario di un [&hellip;]<\/p>\n","protected":false},"author":8,"featured_media":0,"parent":0,"menu_order":0,"comment_status":"closed","ping_status":"closed","template":"","meta":{"_acf_changed":false,"_eb_attr":"","_themeisle_gutenberg_block_has_review":false,"_ti_tpc_template_sync":false,"_ti_tpc_template_id":"","footnotes":""},"class_list":["post-3591","page","type-page","status-publish","hentry"],"acf":[],"_links":{"self":[{"href":"https:\/\/www.macsis.unimib.it\/wp-json\/wp\/v2\/pages\/3591","targetHints":{"allow":["GET"]}}],"collection":[{"href":"https:\/\/www.macsis.unimib.it\/wp-json\/wp\/v2\/pages"}],"about":[{"href":"https:\/\/www.macsis.unimib.it\/wp-json\/wp\/v2\/types\/page"}],"author":[{"embeddable":true,"href":"https:\/\/www.macsis.unimib.it\/wp-json\/wp\/v2\/users\/8"}],"replies":[{"embeddable":true,"href":"https:\/\/www.macsis.unimib.it\/wp-json\/wp\/v2\/comments?post=3591"}],"version-history":[{"count":2,"href":"https:\/\/www.macsis.unimib.it\/wp-json\/wp\/v2\/pages\/3591\/revisions"}],"predecessor-version":[{"id":5065,"href":"https:\/\/www.macsis.unimib.it\/wp-json\/wp\/v2\/pages\/3591\/revisions\/5065"}],"wp:attachment":[{"href":"https:\/\/www.macsis.unimib.it\/wp-json\/wp\/v2\/media?parent=3591"}],"curies":[{"name":"wp","href":"https:\/\/api.w.org\/{rel}","templated":true}]}}