
    {"id":4447,"date":"2021-04-14T07:08:04","date_gmt":"2021-04-14T07:08:04","guid":{"rendered":"https:\/\/www.macsis.unimib.it\/?page_id=4447"},"modified":"2021-05-20T19:26:43","modified_gmt":"2021-05-20T19:26:43","slug":"home-bis","status":"publish","type":"page","link":"https:\/\/www.macsis.unimib.it\/","title":{"rendered":"Home Bis"},"content":{"rendered":"<div id=\"pl-4447\"  class=\"panel-layout\" ><div id=\"pg-4447-0\"  class=\"panel-grid panel-no-style\" ><div id=\"pgc-4447-0-0\"  class=\"panel-grid-cell\" ><div id=\"panel-4447-0-0-0\" class=\"so-panel widget widget_lsow-services panel-first-child panel-last-child\" data-index=\"0\" ><div\n\t\t\t\n\t\t\tclass=\"so-widget-lsow-services so-widget-lsow-services-default-56a2ebc779fa-4447\"\n\t\t\t\n\t\t><div id=\"lsow-services-1\" class=\"lsow-services lsow-style1 lsow-grid-container  lsow-grid-desktop-4 lsow-grid-tablet-4 lsow-grid-mobile-2\"><div class=\"lsow-grid-item lsow-service-wrapper\"><div class=\"lsow-service \" ><a class=\"lsow-icon-wrapper\" href=\"https:\/\/www.youtube.com\/channel\/UCcHcWVD1g5yLTj6mo2KLi7g\" target=\"_blank\"><span class=\"sow-icon-ionicons\" data-sow-icon=\"&#xf24d;\"\n\t\t \n\t\taria-hidden=\"true\"><\/span><\/a><div class=\"lsow-service-text\"><a class=\"lsow-title-link\" href=\"https:\/\/www.youtube.com\/channel\/UCcHcWVD1g5yLTj6mo2KLi7g\" target=\"_blank\"><h3 class=\"lsow-title\">Youtube<\/h3><\/a><div class=\"lsow-service-details\"><\/div><\/div><!-- .lsow-service-text --><\/div><!-- .lsow-service --><\/div><!-- .lsow-service-wrapper --><div class=\"lsow-grid-item lsow-service-wrapper\"><div class=\"lsow-service \" ><a class=\"lsow-icon-wrapper\" href=\"http:\/\/www.facebook.com\/pages\/Master-in-Comunicazione-della-Scienza-e-dellInnovazione-Sostenibile\/103809183005665\" target=\"_blank\"><span class=\"sow-icon-ionicons\" data-sow-icon=\"&#xf231;\"\n\t\t \n\t\taria-hidden=\"true\"><\/span><\/a><div class=\"lsow-service-text\"><a class=\"lsow-title-link\" href=\"http:\/\/www.facebook.com\/pages\/Master-in-Comunicazione-della-Scienza-e-dellInnovazione-Sostenibile\/103809183005665\" target=\"_blank\"><h3 class=\"lsow-title\">Facebook<\/h3><\/a><div class=\"lsow-service-details\"><\/div><\/div><!-- .lsow-service-text --><\/div><!-- .lsow-service --><\/div><!-- .lsow-service-wrapper --><div class=\"lsow-grid-item lsow-service-wrapper\"><div class=\"lsow-service \" ><a class=\"lsow-icon-wrapper\" href=\"https:\/\/www.linkedin.com\/in\/master-macsis-9b502555\" target=\"_blank\"><span class=\"sow-icon-ionicons\" data-sow-icon=\"&#xf238;\"\n\t\t \n\t\taria-hidden=\"true\"><\/span><\/a><div class=\"lsow-service-text\"><a class=\"lsow-title-link\" href=\"https:\/\/www.linkedin.com\/in\/master-macsis-9b502555\" target=\"_blank\"><h3 class=\"lsow-title\">LinkedIn<\/h3><\/a><div class=\"lsow-service-details\"><\/div><\/div><!-- .lsow-service-text --><\/div><!-- .lsow-service --><\/div><!-- .lsow-service-wrapper --><div class=\"lsow-grid-item lsow-service-wrapper\"><div class=\"lsow-service \" ><a class=\"lsow-icon-wrapper\" href=\"https:\/\/twitter.com\/colpodiscienza\" target=\"_blank\"><span class=\"sow-icon-ionicons\" data-sow-icon=\"&#xf243;\"\n\t\t \n\t\taria-hidden=\"true\"><\/span><\/a><div class=\"lsow-service-text\"><a class=\"lsow-title-link\" href=\"https:\/\/twitter.com\/colpodiscienza\" target=\"_blank\"><h3 class=\"lsow-title\">Twitter<\/h3><\/a><div class=\"lsow-service-details\"><\/div><\/div><!-- .lsow-service-text --><\/div><!-- .lsow-service --><\/div><!-- .lsow-service-wrapper --><\/div><!-- .lsow-services --><div class=\"lsow-clear\"><\/div><\/div><\/div><\/div><\/div><div id=\"pg-4447-1\"  class=\"panel-grid panel-has-style\" ><div class=\"panel-row-style panel-row-style-for-4447-1\" ><div id=\"pgc-4447-1-0\"  class=\"panel-grid-cell\" ><div id=\"panel-4447-1-0-0\" class=\"so-panel widget widget_lsow-button panel-first-child panel-last-child\" data-index=\"1\" ><div\n\t\t\t\n\t\t\tclass=\"so-widget-lsow-button so-widget-lsow-button-default-371d2a960f1a-4447\"\n\t\t\t\n\t\t><div class=\"lsow-button-wrap\" style=\"clear: both; text-align:right;\"><a class= \"lsow-button  lsow-default lsow-large\" href=\"https:\/\/www.macsis.unimib.it\/news\/\">News<\/a><\/div><\/div><\/div><\/div><div id=\"pgc-4447-1-1\"  class=\"panel-grid-cell\" ><div id=\"panel-4447-1-1-0\" class=\"so-panel widget widget_lsow-button panel-first-child panel-last-child\" data-index=\"2\" ><div\n\t\t\t\n\t\t\tclass=\"so-widget-lsow-button so-widget-lsow-button-default-371d2a960f1a-4447\"\n\t\t\t\n\t\t><div class=\"lsow-button-wrap\" style=\"clear: both; text-align:left;\"><a class= \"lsow-button  lsow-default lsow-large\" href=\"https:\/\/www.macsis.unimib.it\/eventi\/\">Eventi<\/a><\/div><\/div><\/div><\/div><\/div><\/div><div id=\"pg-4447-2\"  class=\"panel-grid panel-no-style\" ><div id=\"pgc-4447-2-0\"  class=\"panel-grid-cell\" ><div id=\"panel-4447-2-0-0\" class=\"so-panel widget widget_lsow-services panel-first-child\" data-index=\"3\" ><div\n\t\t\t\n\t\t\tclass=\"so-widget-lsow-services so-widget-lsow-services-default-edd917943226-4447\"\n\t\t\t\n\t\t><div id=\"lsow-services-1\" class=\"lsow-services lsow-style1 lsow-grid-container  lsow-grid-desktop-3 lsow-grid-tablet-2 lsow-grid-mobile-1\"><div class=\"lsow-grid-item lsow-service-wrapper\"><div class=\"lsow-service \" ><a class=\"lsow-icon-wrapper\" href=\"https:\/\/www.macsis.unimib.it\/didattica\/\" ><span class=\"sow-icon-icomoon\" data-sow-icon=\"&#xe92b;\"\n\t\t \n\t\taria-hidden=\"true\"><\/span><\/a><div class=\"lsow-service-text\"><a class=\"lsow-title-link\" href=\"https:\/\/www.macsis.unimib.it\/didattica\/\" ><h3 class=\"lsow-title\">Didattica<\/h3><\/a><div class=\"lsow-service-details\">La didattica, oltre a lezioni, esercitazioni, laboratori e seminari, comprende l'organizzazione e la realizzazione di eventi pubblici e lo svolgimento di uno stage per mettere in pratica le competenze acquisite.<\/div><\/div><!-- .lsow-service-text --><\/div><!-- .lsow-service --><\/div><!-- .lsow-service-wrapper --><div class=\"lsow-grid-item lsow-service-wrapper\"><div class=\"lsow-service \" ><a class=\"lsow-icon-wrapper\" href=\"https:\/\/www.macsis.unimib.it\/partner\/\" ><span class=\"sow-icon-icomoon\" data-sow-icon=\"&#xe944;\"\n\t\t \n\t\taria-hidden=\"true\"><\/span><\/a><div class=\"lsow-service-text\"><a class=\"lsow-title-link\" href=\"https:\/\/www.macsis.unimib.it\/partner\/\" ><h3 class=\"lsow-title\">Partner<\/h3><\/a><div class=\"lsow-service-details\">Aziende, musei, osservatori, centri di ricerca pubblici e privati, agenzie giornalistiche, distretti e agenzie del territorio ecc. collaborano con il Master per la realizzazione di iniziative congiunte.<\/div><\/div><!-- .lsow-service-text --><\/div><!-- .lsow-service --><\/div><!-- .lsow-service-wrapper --><div class=\"lsow-grid-item lsow-service-wrapper\"><div class=\"lsow-service \" ><a class=\"lsow-icon-wrapper\" href=\"https:\/\/www.macsis.unimib.it\/web-magazine-2\/\" ><span class=\"sow-icon-icomoon\" data-sow-icon=\"&#xe904;\"\n\t\t \n\t\taria-hidden=\"true\"><\/span><\/a><div class=\"lsow-service-text\"><a class=\"lsow-title-link\" href=\"https:\/\/www.macsis.unimib.it\/web-magazine-2\/\" ><h3 class=\"lsow-title\">Web Magazine<\/h3><\/a><div class=\"lsow-service-details\">Colpodiscienza, la rivista online del Master, pubblica articoli, interviste, video, locandine, comunicati stampa, infografiche prodotti dagli allievi per i corsi e in occasione degli eventi organizzati.<\/div><\/div><!-- .lsow-service-text --><\/div><!-- .lsow-service --><\/div><!-- .lsow-service-wrapper --><\/div><!-- .lsow-services --><div class=\"lsow-clear\"><\/div><\/div><\/div><div id=\"panel-4447-2-0-1\" class=\"so-panel widget widget_sow-video\" data-index=\"4\" ><div class=\"panel-widget-style panel-widget-style-for-4447-2-0-1\" ><div\n\t\t\t\n\t\t\tclass=\"so-widget-sow-video so-widget-sow-video-default-f379b959fc93-4447\"\n\t\t\t\n\t\t>\n<div class=\"sow-video-wrapper no-controls\">\n\t\t\t<iframe loading=\"lazy\" title=\"Master annuale in Comunicazione della Scienza e dell&#039;Innovazione Sostenibile\" width=\"1200\" height=\"675\" src=\"https:\/\/www.youtube.com\/embed\/lhY5JA5ztrM?feature=oembed&enablejsapi=1\" frameborder=\"0\" allow=\"accelerometer; autoplay; clipboard-write; encrypted-media; gyroscope; picture-in-picture; web-share\" referrerpolicy=\"strict-origin-when-cross-origin\" allowfullscreen allowfullscreen mozallowfullscreen webkitallowfullscreen><\/iframe>\t<\/div>\n<\/div><\/div><\/div><div id=\"panel-4447-2-0-2\" class=\"so-panel widget widget_sow-editor\" data-index=\"5\" ><div\n\t\t\t\n\t\t\tclass=\"so-widget-sow-editor so-widget-sow-editor-base\"\n\t\t\t\n\t\t>\n<div class=\"siteorigin-widget-tinymce textwidget\">\n\t<p style=\"text-align: justify;\">Il Master (annuale - 60 cfu) dal 2010 forma figure capaci di comunicare efficacemente ai vari pubblici della scienza e di favorire la comunicazione fra universit\u00e0, enti di ricerca, scuole, musei, imprese, amministrazioni locali, agenzie del territorio e opinione pubblica.<\/p>\n<p style=\"text-align: justify;\">\u00c8 riscontrabile una carenza di figure di intermediazione tra il mondo della produzione scientifico-tecnologica e il suo variegato pubblico. Le sfide contemporanee richiedono infatti un\u2019apposita formazione interdisciplinare teorica e pratica per garantire la qualit\u00e0 dei contenuti, un utilizzo consapevole e appropriato dei nuovi media e la capacit\u00e0 di cogliere le nuove opportunit\u00e0 fornite dai processi partecipati dello sviluppo sostenibile.<\/p>\n<p style=\"text-align: justify;\">Due sono i tratti distintivi del MaCSIS. Da un lato, l\u2019accento posto sul rapporto reciproco tra scienza e societ\u00e0, e pi\u00f9 in particolare sulla sostenibilit\u00e0 dell\u2019innovazione. Dall\u2019altro, l\u2019attenzione equamente rivolta all\u2019approfondimento teorico e alla realizzazione di attivit\u00e0 pratiche e laboratoriali.<\/p>\n<p style=\"text-align: justify;\">La <span style=\"text-decoration: underline;\"><a href=\"https:\/\/www.macsis.unimib.it\/didattica\/\">didattica<\/a><\/span>, in aggiunta a lezioni, esercitazioni e laboratori prevede anche la realizzazione di <span style=\"text-decoration: underline;\"><a href=\"https:\/\/www.macsis.unimib.it\/eventi\/\">eventi pubblici<\/a><\/span>, che permettono agli studenti di mettere in pratica le competenze acquisite, nonch\u00e9 lo svolgimento di uno stage presso istituzioni pubbliche e private, <span style=\"text-decoration: underline;\"><a href=\"https:\/\/www.macsis.unimib.it\/partner\/\">partner<\/a><\/span> del Master.<\/p>\n<p style=\"text-align: justify;\">Tra i principali sbocchi occupazionali si segnalano le seguenti professioni: giornalismo scientifico (web, stampa, radio e televisione); addetto stampa; progettista e organizzatore di eventi scientifico-culturali e di citizen science; operatore dei musei scientifici e d\u2019impresa, osservatori astronomici, parchi naturalistici, science centres e distretti tecnologici; videomaker; web content manager; social media content manager ecc.<\/p>\n<p style=\"text-align: justify;\">Il MaCSIS si rivolge anche a chi \u00e8 gi\u00e0 attivo nei settori della ricerca, innovazione, sostenibilit\u00e0 e comunicazione, fornendo una preparazione sistematica sulla comunicazione della scienza e dell\u2019innovazione sostenibile. Per quanti gi\u00e0 lavorano vi \u00e8 la possibilit\u00e0 di svolgere un project work presso l\u2019ente di appartenenza, in sostituzione dello stage.<\/p>\n<h5>Requisiti<\/h5>\n<p>\u00c8 aperto a chi sia in possesso di una <strong>laurea<\/strong> (triennale, magistrale e Vecchio Ordinamento) in qualunque disciplina. Verr\u00e0 considerato titolo preferenziale la conoscenza della lingua inglese. Possono presentare domanda di ammissione anche i laureandi che conseguano il titolo entro il primo appello di laurea successivo all\u2019avvio delle attivit\u00e0 didattiche e che, alla data delle procedure selettive per l\u2019ammissione, siano in difetto delle sole attivit\u00e0 previste per la prova finale.<\/p>\n<h5 style=\"text-align: justify;\">Frequenza<\/h5>\n<p>La didattica si svolge di venerd\u00ec, sabato mattina e un gioved\u00ec al mese. Le lezioni sono sospese nei mesi estivi da met\u00e0 giugno fino a met\u00e0 settembre e durante le normali vacanze accademiche.<\/p>\n<\/div>\n<\/div><\/div><div id=\"panel-4447-2-0-3\" class=\"so-panel widget widget_sow-editor panel-last-child\" data-index=\"6\" ><div\n\t\t\t\n\t\t\tclass=\"so-widget-sow-editor so-widget-sow-editor-base\"\n\t\t\t\n\t\t>\n<div class=\"siteorigin-widget-tinymce textwidget\">\n\t<h5>Sede<\/h5>\n<\/div>\n<\/div><\/div><\/div><\/div><div id=\"pg-4447-3\"  class=\"panel-grid panel-no-style\" ><div id=\"pgc-4447-3-0\"  class=\"panel-grid-cell\" ><div id=\"panel-4447-3-0-0\" class=\"so-panel widget widget_sow-editor panel-first-child panel-last-child\" data-index=\"7\" ><div\n\t\t\t\n\t\t\tclass=\"so-widget-sow-editor so-widget-sow-editor-base\"\n\t\t\t\n\t\t>\n<div class=\"siteorigin-widget-tinymce textwidget\">\n\t<p>Le lezioni si tengono presso:<br \/>Universit\u00e0 degli Studi di Milano-Bicocca<br \/>Edificio U7<br \/>via Bicocca degli Arcimboldi, 8<br \/>20126 \u2013 Milano<\/p>\n<p>&nbsp;<\/p>\n<h5>Per raggiungerci<\/h5>\n<p>&nbsp;<\/p>\n<p><strong><a href=\"https:\/\/www.macsis.unimib.it\/wp-content\/uploads\/sites\/105\/2021\/05\/London-Bus.png\"><img loading=\"lazy\" decoding=\"async\" class=\"size-full wp-image-4593 alignleft\" src=\"https:\/\/www.macsis.unimib.it\/wp-content\/uploads\/sites\/105\/2021\/05\/London-Bus.png\" alt=\"London-Bus\" width=\"128\" height=\"128\" srcset=\"https:\/\/www.macsis.unimib.it\/wp-content\/uploads\/sites\/105\/2021\/05\/London-Bus.png 128w, https:\/\/www.macsis.unimib.it\/wp-content\/uploads\/sites\/105\/2021\/05\/London-Bus-50x50.png 50w\" sizes=\"auto, (max-width: 128px) 100vw, 128px\" \/><\/a>Autobus<\/strong><br \/>Linee ATM 87, 51, 81, 728<\/p>\n<p>&nbsp;<\/p>\n<p>&nbsp;<\/p>\n<p>&nbsp;<\/p>\n<p><strong><a href=\"https:\/\/www.macsis.unimib.it\/wp-content\/uploads\/sites\/105\/2021\/05\/SubwayTrain_Green.png\"><img loading=\"lazy\" decoding=\"async\" class=\"size-full wp-image-4592 alignleft\" src=\"https:\/\/www.macsis.unimib.it\/wp-content\/uploads\/sites\/105\/2021\/05\/SubwayTrain_Green.png\" alt=\"SubwayTrain_Green\" width=\"128\" height=\"128\" srcset=\"https:\/\/www.macsis.unimib.it\/wp-content\/uploads\/sites\/105\/2021\/05\/SubwayTrain_Green.png 128w, https:\/\/www.macsis.unimib.it\/wp-content\/uploads\/sites\/105\/2021\/05\/SubwayTrain_Green-50x50.png 50w\" sizes=\"auto, (max-width: 128px) 100vw, 128px\" \/><\/a>Metropolitana<\/strong><br \/>Linea 1 (Fermata Precotto, poi tram 7)<br \/>Linea 3 (Fermata Zara, poi tram 7)<\/p>\n<p>&nbsp;<\/p>\n<p>&nbsp;<\/p>\n<p>&nbsp;<\/p>\n<p><strong><a href=\"https:\/\/www.macsis.unimib.it\/wp-content\/uploads\/sites\/105\/2021\/05\/train.png\"><img loading=\"lazy\" decoding=\"async\" class=\"size-full wp-image-4591 alignleft\" src=\"https:\/\/www.macsis.unimib.it\/wp-content\/uploads\/sites\/105\/2021\/05\/train.png\" alt=\"train\" width=\"128\" height=\"128\" srcset=\"https:\/\/www.macsis.unimib.it\/wp-content\/uploads\/sites\/105\/2021\/05\/train.png 128w, https:\/\/www.macsis.unimib.it\/wp-content\/uploads\/sites\/105\/2021\/05\/train-50x50.png 50w\" sizes=\"auto, (max-width: 128px) 100vw, 128px\" \/><\/a>Treno<\/strong><br \/>La stazione ferroviaria \u00e8 Milano Greco Pirelli,<br \/>Linee S8, S9, S11 e Treni R<\/p>\n<\/div>\n<\/div><\/div><\/div><div id=\"pgc-4447-3-1\"  class=\"panel-grid-cell\" ><div id=\"panel-4447-3-1-0\" class=\"widget_text so-panel widget widget_custom_html panel-first-child panel-last-child\" data-index=\"8\" ><div class=\"textwidget custom-html-widget\"><iframe src=\"https:\/\/www.google.com\/maps\/embed?pb=!1m18!1m12!1m3!1d2795.651334590431!2d9.210284014493338!3d45.517096975887924!2m3!1f0!2f0!3f0!3m2!1i1024!2i768!4f13.1!3m3!1m2!1s0x4786c7481b141dd7%3A0x57e9ff45dc8331de!2sU7%20Universit%C3%A0%20Milano%20Bicocca!5e0!3m2!1sit!2sit!4v1621538710488!5m2!1sit!2sit\" width=\"600\" height=\"450\" style=\"border:0;\" allowfullscreen=\"\" loading=\"lazy\"><\/iframe><\/div><\/div><\/div><\/div><\/div>","protected":false},"excerpt":{"rendered":"<p>YoutubeFacebookLinkedInTwitterNewsEventiDidatticaLa didattica, oltre a lezioni, esercitazioni, laboratori e seminari, comprende l&#8217;organizzazione e la realizzazione di eventi pubblici e lo svolgimento [&hellip;]<\/p>\n","protected":false},"author":2,"featured_media":0,"parent":0,"menu_order":0,"comment_status":"closed","ping_status":"closed","template":"","meta":{"_acf_changed":false,"_eb_attr":"","_themeisle_gutenberg_block_has_review":false,"_ti_tpc_template_sync":false,"_ti_tpc_template_id":"","footnotes":""},"class_list":["post-4447","page","type-page","status-publish","hentry"],"acf":[],"_links":{"self":[{"href":"https:\/\/www.macsis.unimib.it\/wp-json\/wp\/v2\/pages\/4447","targetHints":{"allow":["GET"]}}],"collection":[{"href":"https:\/\/www.macsis.unimib.it\/wp-json\/wp\/v2\/pages"}],"about":[{"href":"https:\/\/www.macsis.unimib.it\/wp-json\/wp\/v2\/types\/page"}],"author":[{"embeddable":true,"href":"https:\/\/www.macsis.unimib.it\/wp-json\/wp\/v2\/users\/2"}],"replies":[{"embeddable":true,"href":"https:\/\/www.macsis.unimib.it\/wp-json\/wp\/v2\/comments?post=4447"}],"version-history":[{"count":0,"href":"https:\/\/www.macsis.unimib.it\/wp-json\/wp\/v2\/pages\/4447\/revisions"}],"wp:attachment":[{"href":"https:\/\/www.macsis.unimib.it\/wp-json\/wp\/v2\/media?parent=4447"}],"curies":[{"name":"wp","href":"https:\/\/api.w.org\/{rel}","templated":true}]}}