
    {"id":5069,"date":"2022-09-19T09:01:00","date_gmt":"2022-09-19T09:01:00","guid":{"rendered":"https:\/\/www.macsis.unimib.it\/?page_id=5069"},"modified":"2022-12-15T13:20:00","modified_gmt":"2022-12-15T13:20:00","slug":"accessibilita","status":"publish","type":"page","link":"https:\/\/www.macsis.unimib.it\/accessibilita\/","title":{"rendered":"Accessibilit\u00e0"},"content":{"rendered":"<p>Il sito web \u00e8 progettato per offrire contenuti e servizi accessibili da tutti gli utenti, indipendentemente dalle disabilit\u00e0 psicofisiche, dalle dotazioni tecniche e dal contesto.<\/p>\n<p>Il sito \u00e8\u00a0realizzato con il CMS WordPress\u00a0e secondo la\u00a0normativa vigente\u00a0in materia di accessibilit\u00e0 dei siti web.<\/p>\n<p>Nonostante le verifiche, non \u00e8 sempre possibile garantire la completa accessibilit\u00e0 del sito.\u00a0Per segnalare\u00a0difficolt\u00e0\u00a0nell\u2019accesso alle informazioni e ai servizi erogati\u00a0scrivi\u00a0a\u00a0<a href=\"mailto:accessibilita@unimib.it\">accessibilita@unimib.it<\/a>.<\/p>\n<h2>Dichiarazione di accessibilit\u00e0 \u2013 AgID<\/h2>\n<p>La dichiarazione di accessibilit\u00e0 \u00e8 stata compilata a seguito di una valutazione interna, come previsto dal\u00a0decreto legislativo n. 106 del 10 agosto 2018<em>\u00a0Riforma dell\u2019attuazione della direttiva (UE) 2016\/2102 relativa all\u2019accessibilit\u00e0 dei siti web e delle applicazioni mobili degli enti pubblici<\/em>.<\/p>\n<p>La valutazione segue il\u00a0\u201cModello di autovalutazione V. 01\u201d di AgID\u00a0riportato nell\u2019Allegato 2\u00a0delle\u00a0Linee Guida sull\u2019Accessibilit\u00e0 degli strumenti informatici.<\/p>\n<p>La metodologia di valutazione\u00a0si \u00e8 basata sulla verifica a campione secondo il metodo di monitoraggio approfondito illustrato nel capitolo 5 delle Linee Guida.<\/p>\n<p><a href=\"https:\/\/form.agid.gov.it\/view\/d35e5844-60d3-4cb3-b481-95e428081f3e\"><strong>Dichiarazione di Accessibilit\u00e0 AgID<\/strong><\/a><\/p>\n","protected":false},"excerpt":{"rendered":"<p>Il sito web \u00e8 progettato per offrire contenuti e servizi accessibili da tutti gli utenti, indipendentemente dalle disabilit\u00e0 psicofisiche, dalle [&hellip;]<\/p>\n","protected":false},"author":1,"featured_media":0,"parent":0,"menu_order":0,"comment_status":"closed","ping_status":"closed","template":"","meta":{"_acf_changed":false,"_eb_attr":"","_themeisle_gutenberg_block_has_review":false,"_ti_tpc_template_sync":false,"_ti_tpc_template_id":"","footnotes":""},"class_list":["post-5069","page","type-page","status-publish","hentry"],"acf":[],"_links":{"self":[{"href":"https:\/\/www.macsis.unimib.it\/wp-json\/wp\/v2\/pages\/5069","targetHints":{"allow":["GET"]}}],"collection":[{"href":"https:\/\/www.macsis.unimib.it\/wp-json\/wp\/v2\/pages"}],"about":[{"href":"https:\/\/www.macsis.unimib.it\/wp-json\/wp\/v2\/types\/page"}],"author":[{"embeddable":true,"href":"https:\/\/www.macsis.unimib.it\/wp-json\/wp\/v2\/users\/1"}],"replies":[{"embeddable":true,"href":"https:\/\/www.macsis.unimib.it\/wp-json\/wp\/v2\/comments?post=5069"}],"version-history":[{"count":2,"href":"https:\/\/www.macsis.unimib.it\/wp-json\/wp\/v2\/pages\/5069\/revisions"}],"predecessor-version":[{"id":5112,"href":"https:\/\/www.macsis.unimib.it\/wp-json\/wp\/v2\/pages\/5069\/revisions\/5112"}],"wp:attachment":[{"href":"https:\/\/www.macsis.unimib.it\/wp-json\/wp\/v2\/media?parent=5069"}],"curies":[{"name":"wp","href":"https:\/\/api.w.org\/{rel}","templated":true}]}}